{"id":6,"date":"2026-02-28T00:22:50","date_gmt":"2026-02-27T21:22:50","guid":{"rendered":"https:\/\/majistraleczane.online\/?page_id=6"},"modified":"2026-02-28T00:52:27","modified_gmt":"2026-02-27T21:52:27","slug":"anasayfa","status":"publish","type":"page","link":"https:\/\/majistraleczane.online\/?page_id=6","title":{"rendered":"ANASAYFA"},"content":{"rendered":"\n<hr class=\"wp-block-separator has-alpha-channel-opacity\"\/>\n\n\n\n<h2 class=\"wp-block-heading\"><strong>Hakk\u0131m\u0131zda<\/strong><\/h2>\n\n\n\n<p><strong>Majistral Eczane<\/strong>, Eczac\u0131 Ozan Yal\u00e7\u0131n y\u00f6netiminde Kayseri&#8217;de sa\u011fl\u0131k hizmeti sunmaktad\u0131r. Temel ilkemiz, hastalar\u0131m\u0131za en do\u011fru ila\u00e7 ve dermokozmetik dan\u0131\u015fmanl\u0131\u011f\u0131n\u0131 \u015feffaf ve profesyonel bir \u015fekilde ula\u015ft\u0131rmakt\u0131r.<\/p>\n\n\n\n<h2 class=\"wp-block-heading\"><strong>\u0130leti\u015fim Bilgileri<\/strong><\/h2>\n\n\n\n<ul class=\"wp-block-list\">\n<li><strong>\u0130\u015fletme Sahibi:<\/strong> Ozan Yal\u00e7\u0131n<\/li>\n\n\n\n<li><strong>Adres:<\/strong> Sindelh\u00f6y\u00fck Camikebir Mah. \u0130stiklal 2. Cad. No: 63 A Develi \/ KAYSER\u0130<\/li>\n\n\n\n<li><strong>Telefon:<\/strong> +90 532 387 36 04<\/li>\n\n\n\n<li><strong>E-posta:<\/strong> samedutku38@gmail.com<\/li>\n<\/ul>\n\n\n\n<h2 class=\"wp-block-heading\"><strong>Gizlilik Politikas\u0131<\/strong><\/h2>\n\n\n\n<p><code>majistraleczane.online<\/code> olarak ziyaret\u00e7ilerimizin gizlili\u011fine \u00f6nem veriyoruz. Bu web sitesi yaln\u0131zca bilgilendirme ama\u00e7l\u0131d\u0131r. Formlar veya \u00e7erezler arac\u0131l\u0131\u011f\u0131yla ki\u015fisel verileriniz toplanmamakta ve \u00fc\u00e7\u00fcnc\u00fc taraflarla payla\u015f\u0131lmamaktad\u0131r.<\/p>\n","protected":false},"excerpt":{"rendered":"<p>Hakk\u0131m\u0131zda Majistral Eczane, Eczac\u0131 Ozan Yal\u00e7\u0131n y\u00f6netiminde Kayseri&#8217;de sa\u011fl\u0131k hizmeti sunmaktad\u0131r. Temel ilkemiz, hastalar\u0131m\u0131za en do\u011fru ila\u00e7 ve dermokozmetik dan\u0131\u015fmanl\u0131\u011f\u0131n\u0131 \u015feffaf ve profesyonel bir \u015fekilde ula\u015ft\u0131rmakt\u0131r. \u0130leti\u015fim Bilgileri Gizlilik Politikas\u0131 majistraleczane.online olarak ziyaret\u00e7ilerimizin gizlili\u011fine \u00f6nem veriyoruz. Bu web sitesi yaln\u0131zca bilgilendirme ama\u00e7l\u0131d\u0131r. Formlar veya \u00e7erezler arac\u0131l\u0131\u011f\u0131yla ki\u015fisel verileriniz toplanmamakta ve \u00fc\u00e7\u00fcnc\u00fc taraflarla payla\u015f\u0131lmamaktad\u0131r.<\/p>\n","protected":false},"author":1,"featured_media":0,"parent":0,"menu_order":0,"comment_status":"closed","ping_status":"closed","template":"","meta":{"footnotes":""},"class_list":["post-6","page","type-page","status-publish","hentry"],"_links":{"self":[{"href":"https:\/\/majistraleczane.online\/index.php?rest_route=\/wp\/v2\/pages\/6","targetHints":{"allow":["GET"]}}],"collection":[{"href":"https:\/\/majistraleczane.online\/index.php?rest_route=\/wp\/v2\/pages"}],"about":[{"href":"https:\/\/majistraleczane.online\/index.php?rest_route=\/wp\/v2\/types\/page"}],"author":[{"embeddable":true,"href":"https:\/\/majistraleczane.online\/index.php?rest_route=\/wp\/v2\/users\/1"}],"replies":[{"embeddable":true,"href":"https:\/\/majistraleczane.online\/index.php?rest_route=%2Fwp%2Fv2%2Fcomments&post=6"}],"version-history":[{"count":2,"href":"https:\/\/majistraleczane.online\/index.php?rest_route=\/wp\/v2\/pages\/6\/revisions"}],"predecessor-version":[{"id":11,"href":"https:\/\/majistraleczane.online\/index.php?rest_route=\/wp\/v2\/pages\/6\/revisions\/11"}],"wp:attachment":[{"href":"https:\/\/majistraleczane.online\/index.php?rest_route=%2Fwp%2Fv2%2Fmedia&parent=6"}],"curies":[{"name":"wp","href":"https:\/\/api.w.org\/{rel}","templated":true}]}}